{"id":21410,"date":"2026-04-14T14:50:05","date_gmt":"2026-04-14T12:50:05","guid":{"rendered":"http:\/\/www.astaperleculparterre.be\/?page_id=21410"},"modified":"2026-04-14T15:04:30","modified_gmt":"2026-04-14T13:04:30","slug":"conditions-generales-de-vente","status":"publish","type":"page","link":"http:\/\/www.astaperleculparterre.be\/index.php\/conditions-generales-de-vente\/","title":{"rendered":"Conditions g\u00e9n\u00e9rales de vente"},"content":{"rendered":"<div class=\"wpb-content-wrapper\"><p>[vc_row css=\u00a0\u00bb.vc_custom_1776171095842{margin-top: 50px !important;padding-top: 50px !important;}\u00a0\u00bb][vc_column][vc_column_text]<\/p>\n<p style=\"text-align: center;\">CONDITION GENERALE JANVIER 2026<\/p>\n<p>&nbsp;<\/p>\n<p>Conditions g\u00e9n\u00e9rales de vente\u00a0:<\/p>\n<p>Toute commande ou r\u00e9servation sera valid\u00e9e par la signature d\u2019un bon de commande ou de r\u00e9servation ou par un mail d\u2019accord. Agm Industry se r\u00e9serve le droit de demander le paiement d\u2019un acompte allant jusqu\u2019\u00e0 100% du montant total pour valider la commande.<\/p>\n<p>Toutes nos factures sont payables \u00e0 leur \u00e9ch\u00e9ance respective. Pass\u00e9 ce d\u00e9lai, leur montant, ou le solde restant d\u00fb sera major\u00e9 d\u2019une indemnit\u00e9 forfaitaire de 12% (avec un minimum de 65\u20ac) \u00e0 titre de dommages et int\u00e9r\u00eats. Il en est de m\u00eame pour toutes sommes dues \u00e0 un client.<\/p>\n<p>Toutes nos factures sont productrices d\u2019int\u00e9r\u00eats au taux de 12% l\u2019an \u00e0 dater du jour de leur \u00e9ch\u00e9ance, sans qu\u2019aucune mise en demeure pr\u00e9alable ne soit requise.<\/p>\n<p>L\u2019octroi d\u2019un d\u00e9lai de paiement \u00e0 un client est soumis \u00e0 notre approbation. Ce d\u00e9lai peut \u00eatre modifi\u00e9 sans pr\u00e9avis.<\/p>\n<p>La propri\u00e9t\u00e9 des marchandises n\u2019est transf\u00e9r\u00e9e \u00e0 l\u2019acheteur qu\u2019apr\u00e8s paiement de son prix. L\u2019acheteur s\u2019engage \u00e0 nous avertir imm\u00e9diatement en cas de saisie de marchandise op\u00e9r\u00e9e \u00e0 sa charge.<\/p>\n<p>Aucune des conditions g\u00e9n\u00e9rales de nos fournisseurs ou clients ne nous est opposable si ce n\u2019est moyennant notre accord \u00e9crit pr\u00e9alable.<\/p>\n<p>L\u2019octroi de r\u00e9duction(s) \u00e0 l\u2019acheteur \u00e0 l\u2019occasion d\u2019une commande d\u00e9termin\u00e9e ne nous oblige pas \u00e0 octroyer de r\u00e9duction(s) semblable(s) lors de commandes subs\u00e9quentes. Nous pouvons \u00e0 tout moment et sans avis<\/p>\n<p>Les d\u00e9lais de livraison ne sont donn\u00e9s qu\u2019\u00e0 titre indicatif. Un retard de livraison ne peut en aucun cas donner lieu \u00e0 des dommages et int\u00e9r\u00eats, ni \u00e0 l\u2019annulation de la commande.<\/p>\n<p>Les marchandises voyagent aux risques et p\u00e9rils de l\u2019acheteur d\u00e8s le moment o\u00f9 elles quittent notre d\u00e9p\u00f4t alors m\u00eame que les prix seraient rendus franco.<\/p>\n<p>Dans le cadre d\u2019une livraison par transporteur, le client doit signaler par \u00e9crit sur le bon de transport toute discordance entre le nombre de colis livr\u00e9s et le nombre de colis stipul\u00e9s sur le bon, ainsi que tout constat de mauvais \u00e9tat ext\u00e9rieur de colis. Ceci doit \u00e9galement nous \u00eatre signal\u00e9 par lettre recommand\u00e9e dans les 24h suivant la livraison.<\/p>\n<p>Le client dispose d\u2019un d\u00e9lai strict de 24h pour v\u00e9rifier le contenu des colis par rapport au bon de livraison, et doit nous signaler imm\u00e9diatement toute discordance par lettre recommand\u00e9e. Pass\u00e9 ce d\u00e9lai, aucune r\u00e9clamation ne pourra \u00eatre prise en compte.<\/p>\n<p>En cas d\u2019exp\u00e9dition de marchandises, le client est cens\u00e9 pouvoir r\u00e9ceptionner celles-ci de 9h \u00e0 18h, du lundi au vendredi, et disposer si n\u00e9cessaire du moyen de paiement du contre-remboursement. Si des frais sont compt\u00e9s par le transporteur du fait de plusieurs pr\u00e9sentations, ces frais seront factur\u00e9s au client. En cas de retour de marchandises suite \u00e0 l\u2019absence du client, au refus de la livraison, ou \u00e0 l\u2019impossibilit\u00e9 de r\u00e9gler le contre-remboursement, ces frais, ainsi que le transport aller lui seront port\u00e9s en compte. Si les marchandises doivent \u00eatre remises en stock, des frais de 5% de la valeur de la facture seront port\u00e9s en compte.<\/p>\n<p>Toutes sp\u00e9cifications non mentionn\u00e9es \u00e0 la commande du client seront laiss\u00e9es \u00e0 notre libre arbitre et cette d\u00e9cision ne pourra \u00eatre remise en cause.<\/p>\n<p>La dur\u00e9e de garantie est mentionn\u00e9e sur la facture pour chaque produit, et est valable \u00e0 partir de la date de la facture. A d\u00e9faut d\u2019\u00eatre mentionn\u00e9e, la garantie est nulle. Les pi\u00e8ces d\u2019usure normale, ainsi que les r\u00e9parations ne sont pas garanties. La garantie sera annul\u00e9e si le client a effectu\u00e9 une quelconque modification au mat\u00e9riel, ou si le mat\u00e9riel n\u2019a pas \u00e9t\u00e9 correctement utilis\u00e9. En vue d\u2019appliquer la garantie, la marchandise doit \u00eatre renvoy\u00e9e en nos locaux, tout frais de port \u00e0 charge du client. Une fois r\u00e9par\u00e9e, la marchandise sera mise \u00e0 disposition du client en nos locaux, et pourra lui \u00eatre exp\u00e9di\u00e9e \u00e0 ses frais.<\/p>\n<p>Si des produits r\u00e9par\u00e9s ne sont pas retir\u00e9s par le client dans un d\u00e9lai de 2 mois \u00e0 dater de la fin de la r\u00e9paration, des frais de stockage seront port\u00e9s en compte \u00e0 partir du d\u00e9but du troisi\u00e8me mois \u00e0 concurrence de 3\u20ac par mois et par produit.<\/p>\n<p>Si les produits ne sont pas r\u00e9cup\u00e9r\u00e9s 1 an apr\u00e8s leur d\u00e9p\u00f4t, ils deviendront de plein droit, et sans mise en demeure pr\u00e9alable, notre propri\u00e9t\u00e9.<\/p>\n<p>En cas d\u2019annulation de prestation ou de commande, une somme \u00e9gale \u00e0 40% du montant de la commande (TVAC) avec un minimum de 100\u20ac, sera due \u00e0 titre de d\u00e9dommagement. S\u2019il s\u2019agit d\u2019une fabrication sp\u00e9ciale ou de la fourniture de repas, le d\u00e9dommagement d\u00fb sera de 100% du montant de la commande.<\/p>\n<p>Le client assume l\u2019enti\u00e8re responsabilit\u00e9 quant aux autorisations \u00e0 obtenir et aux taxes \u00e0 payer relatives \u00e0 l\u2019utilisation du mat\u00e9riel achet\u00e9 ou lou\u00e9.<\/p>\n<p>Le client garanti la pleine s\u00e9curit\u00e9 du mat\u00e9riel mis en \u0153uvre et des prestataires pr\u00e9sents sur le chantier. Tout d\u00e9g\u00e2t caus\u00e9 par une personne ext\u00e9rieure \u00e0 Agm Industry sera factur\u00e9 au client.<\/p>\n<p>Le client est cens\u00e9 avoir les comp\u00e9tences requises pour l\u2019installation et l\u2019utilisation du mat\u00e9riel achet\u00e9 ou lou\u00e9.<\/p>\n<p>Sauf stipulation contraire \u00e9crite, nos offres sont valables 30 jours.<\/p>\n<p>Toute r\u00e9clamation relative \u00e0 nos fournitures et services n\u2019est recevable que si elle est faite par lettre recommand\u00e9e \u00e0 la poste dans les dix jours suivant la r\u00e9ception des fournitures et services. Pass\u00e9 ce d\u00e9lai, les fournitures et services sont cens\u00e9s \u00eatre agr\u00e9\u00e9s d\u00e9finitivement.<\/p>\n<p>En cas de litige, seuls les tribunaux de Hannut ou de Huy, et le droit Belge sont comp\u00e9tents.[\/vc_column_text][\/vc_column][\/vc_row][vc_row full_width=\u00a0\u00bbstretch_row\u00a0\u00bb equal_height=\u00a0\u00bbyes\u00a0\u00bb content_placement=\u00a0\u00bbmiddle\u00a0\u00bb css=\u00a0\u00bb.vc_custom_1498153774856{background-color: #d8bfd8 !important;}\u00a0\u00bb el_id=\u00a0\u00bbcontact\u00a0\u00bb][vc_column width=\u00a0\u00bb1\/2&Prime;][vc_column_text el_class=\u00a0\u00bbfontSize20px\u00a0\u00bb]<\/p>\n<h3 style=\"text-align: left; padding-left: 30px;\"><strong><span style=\"color: #17375e;\">A s&rsquo;taper le cul par terre<\/span><\/strong><\/h3>\n<h3 style=\"text-align: left; padding-left: 30px;\"><strong><span style=\"color: #17375e;\">Traiteur Laurent Appeltans<\/span><\/strong><\/h3>\n<p>[\/vc_column_text][vc_separator color=\u00a0\u00bborange\u00a0\u00bb align=\u00a0\u00bbalign_left\u00a0\u00bb border_width=\u00a0\u00bb3&Prime; el_width=\u00a0\u00bb60&Prime;][vc_row_inner css=\u00a0\u00bb.vc_custom_1498150780252{background-color: #d8bfd8 !important;}\u00a0\u00bb][vc_column_inner][vc_message style=\u00a0\u00bbsquare\u00a0\u00bb message_box_color=\u00a0\u00bbgrey\u00a0\u00bb icon_fontawesome=\u00a0\u00bbfas fa-map-marker-alt\u00a0\u00bb]<span style=\"color: #17375e;\">Rue de Brivioulle, 15<\/span><br \/>\n<span style=\"color: #17375e;\">4260 Braives<\/span>[\/vc_message][vc_message style=\u00a0\u00bbsquare\u00a0\u00bb message_box_color=\u00a0\u00bbgrey\u00a0\u00bb icon_fontawesome=\u00a0\u00bbfas fa-phone-alt\u00a0\u00bb]<a href=\"tel:+32495249295\"><span style=\"color: #17375e;\">0495\/24.92.95<\/span><\/a>[\/vc_message][vc_message style=\u00a0\u00bbsquare\u00a0\u00bb message_box_color=\u00a0\u00bbgrey\u00a0\u00bb icon_fontawesome=\u00a0\u00bbfas fa-angle-double-right\u00a0\u00bb]<span style=\"color: #17375e;\">BE0860078907<\/span>[\/vc_message][vc_btn title=\u00a0\u00bbContactez-nous\u00a0\u00bb style=\u00a0\u00bbcustom\u00a0\u00bb custom_text=\u00a0\u00bb#17375e\u00a0\u00bb align=\u00a0\u00bbleft\u00a0\u00bb i_icon_fontawesome=\u00a0\u00bbfas fa-envelope\u00a0\u00bb add_icon=\u00a0\u00bbtrue\u00a0\u00bb link=\u00a0\u00bburl:http%3A%2F%2Fwww.astaperleculparterre.be%2Findex.php%2Fcontact%2F|title:Contact\u00a0\u00bb el_id=\u00a0\u00bbbtn-contact\u00a0\u00bb][\/vc_column_inner][\/vc_row_inner][\/vc_column][vc_column width=\u00a0\u00bb1\/2&Prime;][vc_single_image image=\u00a0\u00bb82&Prime; img_size=\u00a0\u00bblarge\u00a0\u00bb alignment=\u00a0\u00bbcenter\u00a0\u00bb style=\u00a0\u00bbvc_box_shadow\u00a0\u00bb][vc_btn title=\u00a0\u00bbRetrouvez nous sur Facebook\u00a0\u00bb shape=\u00a0\u00bbsquare\u00a0\u00bb color=\u00a0\u00bbwhite\u00a0\u00bb align=\u00a0\u00bbcenter\u00a0\u00bb i_icon_fontawesome=\u00a0\u00bbfa fa-brands fa-facebook\u00a0\u00bb css_animation=\u00a0\u00bbbounceInRight\u00a0\u00bb css=\u00a0\u00bb\u00a0\u00bb add_icon=\u00a0\u00bbtrue\u00a0\u00bb link=\u00a0\u00bburl:https%3A%2F%2Fwww.facebook.com%2Ftraiteur.laurent.appeltants%2F||target:%20_blank|\u00a0\u00bb][\/vc_column][\/vc_row]<\/p>\n<\/div>","protected":false},"excerpt":{"rendered":"<p class=\"lead\">[vc_row css=\u00a0\u00bb.vc_custom_1776171095842{margin-top: 50px !important;padding-top: 50px !important;}\u00a0\u00bb][vc_column][vc_column_text] CONDITION GENERALE JANVIER 2026 &nbsp; Conditions g\u00e9n\u00e9rales de vente\u00a0: Toute commande ou r\u00e9servation sera valid\u00e9e par la signature d\u2019un bon de commande ou de r\u00e9servation ou par un mail d\u2019accord. Agm Industry se r\u00e9serve le droit de demander le paiement d\u2019un acompte allant jusqu\u2019\u00e0 100% du montant total pour valider la commande. Toutes nos&hellip;<\/p>\n<p class=\"more-link-p\"><a class=\"btn btn-danger\" href=\"http:\/\/www.astaperleculparterre.be\/index.php\/conditions-generales-de-vente\/\">Read more &rarr;<\/a><\/p>\n","protected":false},"author":4,"featured_media":0,"parent":0,"menu_order":0,"comment_status":"closed","ping_status":"closed","template":"","meta":{"footnotes":""},"class_list":["post-21410","page","type-page","status-publish","hentry"],"_links":{"self":[{"href":"http:\/\/www.astaperleculparterre.be\/index.php\/wp-json\/wp\/v2\/pages\/21410","targetHints":{"allow":["GET"]}}],"collection":[{"href":"http:\/\/www.astaperleculparterre.be\/index.php\/wp-json\/wp\/v2\/pages"}],"about":[{"href":"http:\/\/www.astaperleculparterre.be\/index.php\/wp-json\/wp\/v2\/types\/page"}],"author":[{"embeddable":true,"href":"http:\/\/www.astaperleculparterre.be\/index.php\/wp-json\/wp\/v2\/users\/4"}],"replies":[{"embeddable":true,"href":"http:\/\/www.astaperleculparterre.be\/index.php\/wp-json\/wp\/v2\/comments?post=21410"}],"version-history":[{"count":4,"href":"http:\/\/www.astaperleculparterre.be\/index.php\/wp-json\/wp\/v2\/pages\/21410\/revisions"}],"predecessor-version":[{"id":21424,"href":"http:\/\/www.astaperleculparterre.be\/index.php\/wp-json\/wp\/v2\/pages\/21410\/revisions\/21424"}],"wp:attachment":[{"href":"http:\/\/www.astaperleculparterre.be\/index.php\/wp-json\/wp\/v2\/media?parent=21410"}],"curies":[{"name":"wp","href":"https:\/\/api.w.org\/{rel}","templated":true}]}}