{"id":8,"date":"2017-03-03T18:45:32","date_gmt":"2017-03-03T17:45:32","guid":{"rendered":"http:\/\/www.agmindustry.be\/wp_astaperlculparterre\/?page_id=8"},"modified":"2026-04-14T15:07:04","modified_gmt":"2026-04-14T13:07:04","slug":"accueil","status":"publish","type":"page","link":"http:\/\/www.astaperleculparterre.be\/","title":{"rendered":"Accueil"},"content":{"rendered":"<div class=\"wpb-content-wrapper\"><p>[vc_row full_width=\u00a0\u00bbstretch_row\u00a0\u00bb content_placement=\u00a0\u00bbmiddle\u00a0\u00bb css_animation=\u00a0\u00bbnone\u00a0\u00bb css=\u00a0\u00bb.vc_custom_1498150933194{background-color: #ffffff !important;}\u00a0\u00bb][vc_column][vc_single_image image=\u00a0\u00bb68&Prime; img_size=\u00a0\u00bbfull\u00a0\u00bb alignment=\u00a0\u00bbcenter\u00a0\u00bb css_animation=\u00a0\u00bbbounceInLeft\u00a0\u00bb css=\u00a0\u00bb.vc_custom_1497885924369{padding-bottom: -40px !important;}\u00a0\u00bb][\/vc_column][\/vc_row][vc_row full_width=\u00a0\u00bbstretch_row\u00a0\u00bb equal_height=\u00a0\u00bbyes\u00a0\u00bb content_placement=\u00a0\u00bbmiddle\u00a0\u00bb css=\u00a0\u00bb.vc_custom_1498150928007{background-color: #d8bfd8 !important;}\u00a0\u00bb][vc_column][vc_row_inner content_placement=\u00a0\u00bbmiddle\u00a0\u00bb][vc_column_inner][vc_cta h2=\u00a0\u00bbVous souhaitez profiter pleinement de votre \u00e9v\u00e8nement sans souci ?\u00a0\u00bb h2_font_container=\u00a0\u00bbcolor:%2317375e\u00a0\u00bb h2_google_fonts=\u00a0\u00bbfont_family:Coda%3Aregular%2C800|font_style:400%20regular%3A400%3Anormal\u00a0\u00bb h4=\u00a0\u00bbLe traiteur \u00ab\u00a0A s&rsquo;taper le cul par terre\u00ab\u00a0 est \u00e0 votre service aux environs de Li\u00e8ge, Namur et Bruxelles\u00a0\u00bb h4_font_container=\u00a0\u00bbcolor:%2317375e|line_height:2.30&Prime; h4_google_fonts=\u00a0\u00bbfont_family:Coda%3Aregular%2C800|font_style:400%20regular%3A400%3Anormal\u00a0\u00bb txt_align=\u00a0\u00bbcenter\u00a0\u00bb color=\u00a0\u00bbgrey\u00a0\u00bb use_custom_fonts_h2=\u00a0\u00bbtrue\u00a0\u00bb use_custom_fonts_h4=\u00a0\u00bbtrue\u00a0\u00bb][\/vc_cta][\/vc_column_inner][\/vc_row_inner][\/vc_column][\/vc_row][vc_row full_width=\u00a0\u00bbstretch_row\u00a0\u00bb equal_height=\u00a0\u00bbyes\u00a0\u00bb content_placement=\u00a0\u00bbmiddle\u00a0\u00bb css=\u00a0\u00bb.vc_custom_1498154249025{padding-top: 60px !important;padding-bottom: 60px !important;background-color: #ffffff !important;}\u00a0\u00bb][vc_column width=\u00a0\u00bb1\/2&Prime;][vc_column_text el_class=\u00a0\u00bbfontSize18px\u00a0\u00bb]<span style=\"color: #17375e;\">Que ce soit pour un mariage, un anniversaire, une communion, un bapt\u00eame, une f\u00eate de famille ou une r\u00e9union professionnelle, notre \u00e9quipe dynamique vous fournira un service traiteur sur mesure et de qualit\u00e9.<\/span><\/p>\n<p><span style=\"color: #17375e;\">N&rsquo;h\u00e9sitez pas \u00e0 demander une offre de prix, nous r\u00e9pondrons \u00e0 votre demande dans les meilleurs d\u00e9lais avec un prix tr\u00e8s comp\u00e9titif.<\/span>[\/vc_column_text][\/vc_column][vc_column width=\u00a0\u00bb1\/2&Prime;][vc_single_image image=\u00a0\u00bb76&Prime; img_size=\u00a0\u00bblarge\u00a0\u00bb alignment=\u00a0\u00bbcenter\u00a0\u00bb style=\u00a0\u00bbvc_box_rounded\u00a0\u00bb css_animation=\u00a0\u00bbfadeInDown\u00a0\u00bb][\/vc_column][\/vc_row][vc_row full_width=\u00a0\u00bbstretch_row\u00a0\u00bb equal_height=\u00a0\u00bbyes\u00a0\u00bb content_placement=\u00a0\u00bbmiddle\u00a0\u00bb parallax=\u00a0\u00bbcontent-moving\u00a0\u00bb parallax_image=\u00a0\u00bb188&Prime;][vc_column width=\u00a0\u00bb1\/3&Prime;][\/vc_column][vc_column css_animation=\u00a0\u00bbfadeInLeft\u00a0\u00bb width=\u00a0\u00bb2\/3&Prime; css=\u00a0\u00bb.vc_custom_1497889448567{margin-top: 50px !important;margin-right: -50px !important;margin-bottom: 50px !important;}\u00a0\u00bb][vc_column_text css=\u00a0\u00bb.vc_custom_1498152443515{margin-top: 50px !important;margin-right: -25px !important;margin-bottom: 80px !important;padding-top: 25px !important;padding-right: 25px !important;padding-bottom: 25px !important;padding-left: 25px !important;background-color: rgba(255,255,255,0.7) !important;*background-color: rgb(255,255,255) !important;border-radius: 15px !important;}\u00a0\u00bb el_class=\u00a0\u00bbfontSize18px\u00a0\u00bb]<\/p>\n<p style=\"text-align: left;\"><span style=\"color: #17375e;\">Nos menus sont diversifi\u00e9s tant pour des buffets froids, buffets chauds, cochon de lait \u00e0 la broche, formule barbecue ou accompagnements barbecue, pa\u00eblla, cocktail dinatoire. <\/span><\/p>\n<p style=\"text-align: left;\"><span style=\"color: #17375e;\">Nos offres traiteurs sont claires sans surprise et avec le souci du d\u00e9tail et du bon go\u00fbt.<\/span><\/p>\n<p style=\"text-align: left;\"><span style=\"color: #17375e;\">Nous nous d\u00e9pla\u00e7ons dans les provinces de Li\u00e8ge, Namur et dans le Brabant Wallon r\u00e9guli\u00e8rement.<\/span><\/p>\n<p style=\"text-align: left;\"><span style=\"color: #17375e;\">Bas\u00e9s \u00e0 Braives entre les communes de Hannut, Huy et Waremme, les r\u00e9gions de Hesbaye et du Condroz n&rsquo;ont plus de secret pour nous.<\/span><\/p>\n<p>[\/vc_column_text][\/vc_column][\/vc_row][vc_row full_width=\u00a0\u00bbstretch_row\u00a0\u00bb equal_height=\u00a0\u00bbyes\u00a0\u00bb content_placement=\u00a0\u00bbmiddle\u00a0\u00bb css=\u00a0\u00bb.vc_custom_1498154375031{padding-top: 60px !important;background-color: #ffffff !important;}\u00a0\u00bb][vc_column][vc_btn title=\u00a0\u00bbVisionner la galerie photo\u00a0\u00bb color=\u00a0\u00bbviolet\u00a0\u00bb align=\u00a0\u00bbcenter\u00a0\u00bb i_icon_fontawesome=\u00a0\u00bbfa fa-camera\u00a0\u00bb css_animation=\u00a0\u00bbflipInX\u00a0\u00bb css=\u00a0\u00bb.vc_custom_1498466787802{padding-bottom: 25px !important;}\u00a0\u00bb add_icon=\u00a0\u00bbtrue\u00a0\u00bb link=\u00a0\u00bburl:http%3A%2F%2Fwww.agmindustry.be%2Fwp_astaperlculparterre%2Findex.php%2Fphotos%2F|||\u00a0\u00bb][vc_cta h2=\u00a0\u00bbIls nous ont fait confiance &#8230;\u00a0\u00bb h2_font_container=\u00a0\u00bbcolor:%2317375e\u00a0\u00bb h2_google_fonts=\u00a0\u00bbfont_family:Coda%3Aregular%2C800|font_style:400%20regular%3A400%3Anormal\u00a0\u00bb h4=\u00a0\u00bbUn service traiteur sur mesure, des offres de prix claires, une cuisine de go\u00fbt tant \u00e0 votre domicile que dans une salle.\u00a0\u00bb h4_font_container=\u00a0\u00bbcolor:%2317375e|line_height:2.30&Prime; h4_google_fonts=\u00a0\u00bbfont_family:Coda%3Aregular%2C800|font_style:400%20regular%3A400%3Anormal\u00a0\u00bb txt_align=\u00a0\u00bbcenter\u00a0\u00bb use_custom_fonts_h2=\u00a0\u00bbtrue\u00a0\u00bb use_custom_fonts_h4=\u00a0\u00bbtrue\u00a0\u00bb][\/vc_cta][\/vc_column][\/vc_row][vc_row full_width=\u00a0\u00bbstretch_row\u00a0\u00bb equal_height=\u00a0\u00bbyes\u00a0\u00bb content_placement=\u00a0\u00bbmiddle\u00a0\u00bb css=\u00a0\u00bb.vc_custom_1498152821138{padding-bottom: 100px !important;background-color: #ffffff !important;}\u00a0\u00bb][vc_column width=\u00a0\u00bb1\/4&Prime;][vc_message message_box_style=\u00a0\u00bbsolid\u00a0\u00bb style=\u00a0\u00bbsquare\u00a0\u00bb message_box_color=\u00a0\u00bborange\u00a0\u00bb icon_fontawesome=\u00a0\u00bbfa fa-cutlery\u00a0\u00bb]<span style=\"color: #17375e;\"><em>En plus d&rsquo;\u00eatre aimable et sympathique, Laurent \u00e9tait pr\u00eat \u00e0 temps, attentif \u00e0 tout et discret comme une petit souris. La pa\u00eblla \u00e9tait d\u00e9licieuse et embaumait la salle gr\u00e2ce \u00e0 son odeur \u00e9pic\u00e9e.<\/em><\/span><\/p>\n<p style=\"text-align: right;\"><span style=\"color: #17375e;\"><em>Moxhe Au Fil de l&rsquo;Eau<\/em> <\/span><\/p>\n<p>[\/vc_message][\/vc_column][vc_column width=\u00a0\u00bb1\/2&Prime;][vc_message message_box_style=\u00a0\u00bbsolid\u00a0\u00bb style=\u00a0\u00bbsquare\u00a0\u00bb message_box_color=\u00a0\u00bborange\u00a0\u00bb icon_fontawesome=\u00a0\u00bbfa fa-cutlery\u00a0\u00bb css=\u00a0\u00bb.vc_custom_1498149253643{padding-top: 10px !important;padding-bottom: 45px !important;}\u00a0\u00bb]<span style=\"color: #17375e;\"><em>Une \u00e9quipe dynamique, souriante, tr\u00e8s efficace et agr\u00e9able! Mais aussi une \u00e9quipe \u00e0 l&rsquo;\u00e9coute et disponible ! Qualit\u00e9 et fra\u00eecheur des produits, choix, pr\u00e9sentation et service professionnel et rapide. Le choix est excellent de l&rsquo;entr\u00e9e au dessert. On peut vraiment tout essayer sans \u00eatre d\u00e9\u00e7u. Des id\u00e9es de plats et de pr\u00e9sentations plus que succulente. Attention aux papilles gustatives! Explosion de saveurs en bouche.<br \/>\n<\/em><\/span><\/p>\n<p style=\"text-align: right;\"><span style=\"color: #17375e;\"><em>Anic\u00e9e Mottin<\/em><\/span><\/p>\n<p>[\/vc_message][\/vc_column][vc_column width=\u00a0\u00bb1\/4&Prime;][vc_message message_box_style=\u00a0\u00bbsolid\u00a0\u00bb style=\u00a0\u00bbsquare\u00a0\u00bb message_box_color=\u00a0\u00bborange\u00a0\u00bb icon_fontawesome=\u00a0\u00bbfa fa-cutlery\u00a0\u00bb css=\u00a0\u00bb.vc_custom_1498149308292{padding-top: 15px !important;padding-bottom: 60px !important;}\u00a0\u00bb]<span style=\"color: #17375e;\"><em>Porte bien son nom ! Service s\u00e9rieux et serviable, qualit\u00e9 des produits. Buffets adapt\u00e9 \u00e0 vos demandes avec originalit\u00e9 ! EXCELLENT<br \/>\n<\/em><\/span><\/p>\n<p style=\"text-align: right;\"><span style=\"color: #17375e;\"><em>Drumbax Vid\u00e9o<\/em><\/span><\/p>\n<p>[\/vc_message][\/vc_column][\/vc_row][vc_row full_width=\u00a0\u00bbstretch_row\u00a0\u00bb equal_height=\u00a0\u00bbyes\u00a0\u00bb content_placement=\u00a0\u00bbmiddle\u00a0\u00bb css=\u00a0\u00bb.vc_custom_1498153774856{background-color: #d8bfd8 !important;}\u00a0\u00bb el_id=\u00a0\u00bbcontact\u00a0\u00bb][vc_column width=\u00a0\u00bb1\/2&Prime;][vc_column_text el_class=\u00a0\u00bbfontSize20px\u00a0\u00bb]<\/p>\n<h3 style=\"text-align: left; padding-left: 30px;\"><strong><span style=\"color: #17375e;\">A s&rsquo;taper le cul par terre<\/span><\/strong><\/h3>\n<h3 style=\"text-align: left; padding-left: 30px;\"><strong><span style=\"color: #17375e;\">Traiteur Laurent Appeltans<\/span><\/strong><\/h3>\n<p>[\/vc_column_text][vc_separator color=\u00a0\u00bborange\u00a0\u00bb align=\u00a0\u00bbalign_left\u00a0\u00bb border_width=\u00a0\u00bb3&Prime; el_width=\u00a0\u00bb60&Prime;][vc_row_inner css=\u00a0\u00bb.vc_custom_1498150780252{background-color: #d8bfd8 !important;}\u00a0\u00bb][vc_column_inner][vc_message style=\u00a0\u00bbsquare\u00a0\u00bb message_box_color=\u00a0\u00bbgrey\u00a0\u00bb icon_fontawesome=\u00a0\u00bbfas fa-map-marker-alt\u00a0\u00bb]<span style=\"color: #17375e;\">Rue de Brivioulle, 15<\/span><br \/>\n<span style=\"color: #17375e;\">4260 Braives<\/span>[\/vc_message][vc_message style=\u00a0\u00bbsquare\u00a0\u00bb message_box_color=\u00a0\u00bbgrey\u00a0\u00bb icon_fontawesome=\u00a0\u00bbfas fa-phone-alt\u00a0\u00bb]<a href=\"tel:+32495249295\"><span style=\"color: #17375e;\">0495\/24.92.95<\/span><\/a>[\/vc_message][vc_message style=\u00a0\u00bbsquare\u00a0\u00bb message_box_color=\u00a0\u00bbgrey\u00a0\u00bb icon_fontawesome=\u00a0\u00bbfas fa-angle-double-right\u00a0\u00bb]<span style=\"color: #17375e;\">BE0860078907<\/span>[\/vc_message][vc_message style=\u00a0\u00bbsquare\u00a0\u00bb message_box_color=\u00a0\u00bbgrey\u00a0\u00bb css=\u00a0\u00bb\u00a0\u00bb]<a href=\"http:\/\/www.astaperleculparterre.be\/index.php\/conditions-generales-de-vente\/\" target=\"_blank\" rel=\"noopener\"><span style=\"color: #17375e;\">Conditions g\u00e9n\u00e9rales de vente\u00a0<\/span><\/a>[\/vc_message][\/vc_column_inner][\/vc_row_inner][\/vc_column][vc_column width=\u00a0\u00bb1\/2&Prime;][vc_single_image image=\u00a0\u00bb82&Prime; img_size=\u00a0\u00bblarge\u00a0\u00bb alignment=\u00a0\u00bbcenter\u00a0\u00bb style=\u00a0\u00bbvc_box_shadow\u00a0\u00bb][vc_btn title=\u00a0\u00bbRetrouvez nous sur Facebook\u00a0\u00bb shape=\u00a0\u00bbsquare\u00a0\u00bb color=\u00a0\u00bbwhite\u00a0\u00bb align=\u00a0\u00bbcenter\u00a0\u00bb i_icon_fontawesome=\u00a0\u00bbfa fa-brands fa-facebook\u00a0\u00bb css_animation=\u00a0\u00bbbounceInRight\u00a0\u00bb css=\u00a0\u00bb\u00a0\u00bb add_icon=\u00a0\u00bbtrue\u00a0\u00bb link=\u00a0\u00bburl:https%3A%2F%2Fwww.facebook.com%2Ftraiteur.laurent.appeltants%2F||target:%20_blank|\u00a0\u00bb][vc_btn title=\u00a0\u00bbContactez-nous\u00a0\u00bb style=\u00a0\u00bbcustom\u00a0\u00bb custom_background=\u00a0\u00bb#FFFFFF\u00a0\u00bb custom_text=\u00a0\u00bb#17375e\u00a0\u00bb align=\u00a0\u00bbcenter\u00a0\u00bb i_icon_fontawesome=\u00a0\u00bbfa fa-regular fa-circle-question\u00a0\u00bb css=\u00a0\u00bb\u00a0\u00bb add_icon=\u00a0\u00bbtrue\u00a0\u00bb link=\u00a0\u00bburl:http%3A%2F%2Fwww.astaperleculparterre.be%2Findex.php%2Fcontact%2F|title:Contact\u00a0\u00bb el_id=\u00a0\u00bbbtn-contact\u00a0\u00bb][\/vc_column][\/vc_row]<\/p>\n<\/div>","protected":false},"excerpt":{"rendered":"<p class=\"lead\">[vc_row full_width=\u00a0\u00bbstretch_row\u00a0\u00bb content_placement=\u00a0\u00bbmiddle\u00a0\u00bb css_animation=\u00a0\u00bbnone\u00a0\u00bb css=\u00a0\u00bb.vc_custom_1498150933194{background-color: #ffffff !important;}\u00a0\u00bb][vc_column][vc_single_image image=\u00a0\u00bb68&Prime; img_size=\u00a0\u00bbfull\u00a0\u00bb alignment=\u00a0\u00bbcenter\u00a0\u00bb css_animation=\u00a0\u00bbbounceInLeft\u00a0\u00bb css=\u00a0\u00bb.vc_custom_1497885924369{padding-bottom: -40px !important;}\u00a0\u00bb][\/vc_column][\/vc_row][vc_row full_width=\u00a0\u00bbstretch_row\u00a0\u00bb equal_height=\u00a0\u00bbyes\u00a0\u00bb content_placement=\u00a0\u00bbmiddle\u00a0\u00bb css=\u00a0\u00bb.vc_custom_1498150928007{background-color: #d8bfd8 !important;}\u00a0\u00bb][vc_column][vc_row_inner content_placement=\u00a0\u00bbmiddle\u00a0\u00bb][vc_column_inner][vc_cta h2=\u00a0\u00bbVous souhaitez profiter pleinement de votre \u00e9v\u00e8nement sans souci ?\u00a0\u00bb h2_font_container=\u00a0\u00bbcolor:%2317375e\u00a0\u00bb h2_google_fonts=\u00a0\u00bbfont_family:Coda%3Aregular%2C800|font_style:400%20regular%3A400%3Anormal\u00a0\u00bb h4=\u00a0\u00bbLe traiteur \u00ab\u00a0A s&rsquo;taper le cul par terre\u00ab\u00a0 est \u00e0 votre service aux environs de Li\u00e8ge, Namur et Bruxelles\u00a0\u00bb h4_font_container=\u00a0\u00bbcolor:%2317375e|line_height:2.30&Prime; h4_google_fonts=\u00a0\u00bbfont_family:Coda%3Aregular%2C800|font_style:400%20regular%3A400%3Anormal\u00a0\u00bb txt_align=\u00a0\u00bbcenter\u00a0\u00bb color=\u00a0\u00bbgrey\u00a0\u00bb use_custom_fonts_h2=\u00a0\u00bbtrue\u00a0\u00bb use_custom_fonts_h4=\u00a0\u00bbtrue\u00a0\u00bb][\/vc_cta][\/vc_column_inner][\/vc_row_inner][\/vc_column][\/vc_row][vc_row full_width=\u00a0\u00bbstretch_row\u00a0\u00bb equal_height=\u00a0\u00bbyes\u00a0\u00bb&hellip;<\/p>\n<p class=\"more-link-p\"><a class=\"btn btn-danger\" href=\"http:\/\/www.astaperleculparterre.be\/\">Read more &rarr;<\/a><\/p>\n","protected":false},"author":1,"featured_media":0,"parent":0,"menu_order":0,"comment_status":"closed","ping_status":"closed","template":"","meta":{"footnotes":""},"class_list":["post-8","page","type-page","status-publish","hentry"],"_links":{"self":[{"href":"http:\/\/www.astaperleculparterre.be\/index.php\/wp-json\/wp\/v2\/pages\/8","targetHints":{"allow":["GET"]}}],"collection":[{"href":"http:\/\/www.astaperleculparterre.be\/index.php\/wp-json\/wp\/v2\/pages"}],"about":[{"href":"http:\/\/www.astaperleculparterre.be\/index.php\/wp-json\/wp\/v2\/types\/page"}],"author":[{"embeddable":true,"href":"http:\/\/www.astaperleculparterre.be\/index.php\/wp-json\/wp\/v2\/users\/1"}],"replies":[{"embeddable":true,"href":"http:\/\/www.astaperleculparterre.be\/index.php\/wp-json\/wp\/v2\/comments?post=8"}],"version-history":[{"count":257,"href":"http:\/\/www.astaperleculparterre.be\/index.php\/wp-json\/wp\/v2\/pages\/8\/revisions"}],"predecessor-version":[{"id":21427,"href":"http:\/\/www.astaperleculparterre.be\/index.php\/wp-json\/wp\/v2\/pages\/8\/revisions\/21427"}],"wp:attachment":[{"href":"http:\/\/www.astaperleculparterre.be\/index.php\/wp-json\/wp\/v2\/media?parent=8"}],"curies":[{"name":"wp","href":"https:\/\/api.w.org\/{rel}","templated":true}]}}